{"id":541,"date":"2023-03-15T12:01:15","date_gmt":"2023-03-15T15:01:15","guid":{"rendered":"http:\/\/spsdefesa.com\/?page_id=541"},"modified":"2023-08-29T10:24:32","modified_gmt":"2023-08-29T13:24:32","slug":"denuncia-anonima","status":"publish","type":"page","link":"https:\/\/spsdefesa.com\/pt\/denuncia-anonima\/","title":{"rendered":"Den\u00fancia An\u00f4nima"},"content":{"rendered":"<div data-elementor-type=\"wp-page\" data-elementor-id=\"541\" class=\"elementor elementor-541\">\n\t\t\t\t\t\t<section class=\"elementor-section elementor-top-section elementor-element elementor-element-e4ac4d6 elementor-section-full_width elementor-section-height-default elementor-section-height-default\" data-id=\"e4ac4d6\" data-element_type=\"section\">\n\t\t\t\t\t\t<div class=\"elementor-container elementor-column-gap-default\">\n\t\t\t\t\t<div class=\"elementor-column elementor-col-50 elementor-top-column elementor-element elementor-element-a6f4392\" data-id=\"a6f4392\" data-element_type=\"column\">\n\t\t\t<div class=\"elementor-widget-wrap elementor-element-populated\">\n\t\t\t\t\t\t<div class=\"elementor-element elementor-element-0de3cc9 elementor-align-justify elementor-widget__width-inherit elementor-widget elementor-widget-button\" data-id=\"0de3cc9\" data-element_type=\"widget\" data-widget_type=\"button.default\">\n\t\t\t\t<div class=\"elementor-widget-container\">\n\t\t\t\t\t\t\t\t\t<div class=\"elementor-button-wrapper\">\n\t\t\t\t\t<a class=\"elementor-button elementor-button-link elementor-size-lg\" href=\"\/pt\/inicio\/\">\n\t\t\t\t\t\t<span class=\"elementor-button-content-wrapper\">\n\t\t\t\t\t\t\t\t\t<span class=\"elementor-button-text\">P\u00e1gina Inicial<\/span>\n\t\t\t\t\t<\/span>\n\t\t\t\t\t<\/a>\n\t\t\t\t<\/div>\n\t\t\t\t\t\t\t\t<\/div>\n\t\t\t\t<\/div>\n\t\t\t\t<div class=\"elementor-element elementor-element-a511181 elementor-align-justify elementor-widget__width-inherit elementor-widget elementor-widget-button\" data-id=\"a511181\" data-element_type=\"widget\" data-widget_type=\"button.default\">\n\t\t\t\t<div class=\"elementor-widget-container\">\n\t\t\t\t\t\t\t\t\t<div class=\"elementor-button-wrapper\">\n\t\t\t\t\t<a class=\"elementor-button elementor-button-link elementor-size-lg\" href=\"\/pt\/denuncia\/\">\n\t\t\t\t\t\t<span class=\"elementor-button-content-wrapper\">\n\t\t\t\t\t\t\t\t\t<span class=\"elementor-button-text\">Relatar den\u00fancia<\/span>\n\t\t\t\t\t<\/span>\n\t\t\t\t\t<\/a>\n\t\t\t\t<\/div>\n\t\t\t\t\t\t\t\t<\/div>\n\t\t\t\t<\/div>\n\t\t\t\t<div class=\"elementor-element elementor-element-d786b6f elementor-align-justify elementor-widget__width-inherit elementor-widget elementor-widget-button\" data-id=\"d786b6f\" data-element_type=\"widget\" data-widget_type=\"button.default\">\n\t\t\t\t<div class=\"elementor-widget-container\">\n\t\t\t\t\t\t\t\t\t<div class=\"elementor-button-wrapper\">\n\t\t\t\t\t<a class=\"elementor-button elementor-button-link elementor-size-lg\" href=\"\/pt\/acompanhar-denuncia\/\">\n\t\t\t\t\t\t<span class=\"elementor-button-content-wrapper\">\n\t\t\t\t\t\t\t\t\t<span class=\"elementor-button-text\">Acompanhar den\u00fancia<\/span>\n\t\t\t\t\t<\/span>\n\t\t\t\t\t<\/a>\n\t\t\t\t<\/div>\n\t\t\t\t\t\t\t\t<\/div>\n\t\t\t\t<\/div>\n\t\t\t\t<div class=\"elementor-element elementor-element-4ba7a87 elementor-align-justify elementor-widget__width-inherit elementor-widget elementor-widget-button\" data-id=\"4ba7a87\" data-element_type=\"widget\" data-widget_type=\"button.default\">\n\t\t\t\t<div class=\"elementor-widget-container\">\n\t\t\t\t\t\t\t\t\t<div class=\"elementor-button-wrapper\">\n\t\t\t\t\t<a class=\"elementor-button elementor-button-link elementor-size-lg\" href=\"\/pt\/inicio\/\">\n\t\t\t\t\t\t<span class=\"elementor-button-content-wrapper\">\n\t\t\t\t\t\t\t\t\t<span class=\"elementor-button-text\">C\u00f3digo de Conduta<\/span>\n\t\t\t\t\t<\/span>\n\t\t\t\t\t<\/a>\n\t\t\t\t<\/div>\n\t\t\t\t\t\t\t\t<\/div>\n\t\t\t\t<\/div>\n\t\t\t\t\t<\/div>\n\t\t<\/div>\n\t\t\t\t<div class=\"elementor-column elementor-col-50 elementor-top-column elementor-element elementor-element-64c8cff\" data-id=\"64c8cff\" data-element_type=\"column\" data-settings=\"{&quot;background_background&quot;:&quot;classic&quot;}\">\n\t\t\t<div class=\"elementor-widget-wrap elementor-element-populated\">\n\t\t\t\t\t\t<div class=\"elementor-element elementor-element-d69f68a elementor-widget elementor-widget-text-editor\" data-id=\"d69f68a\" data-element_type=\"widget\" data-widget_type=\"text-editor.default\">\n\t\t\t\t<div class=\"elementor-widget-container\">\n\t\t\t\t\t\t\t\t\t<p>Para fazer uma den\u00fancia, voc\u00ea dever preencher os campos abaixo com uma descri\u00e7\u00e3o completa e detalhada da situa\u00e7\u00e3o considerada ilegal, anti\u00e9tica ou que tenha violado o C\u00f3digo de Conduta da empresa. Inclua informa\u00e7\u00f5es como:<\/p><p>&#8211; Qual \u00e9 a situa\u00e7\u00e3o;<br \/>&#8211; Quando a situa\u00e7\u00e3o est\u00e1 ocorrendo, ocorreu ou vai ocorrer;<br \/>&#8211; Onde a situa\u00e7\u00e3o est\u00e1 ocorrendo, ocorreu ou vai ocorrer;<br \/>&#8211; Qual o motivo ou causa da situa\u00e7\u00e3o;<br \/>&#8211; Qual \u00e9 o tamanho e consequ\u00eancias da situa\u00e7\u00e3o, se \u00e9 poss\u00edvel de medir;<br \/>&#8211; Quem est\u00e1, estava ou estar\u00e1 envolvido e quem participa de qualquer forma da situa\u00e7\u00e3o;<br \/>&#8211; Quais s\u00e3o as testemunhas ou pessoas que podem ajudar do esclarecimento da situa\u00e7\u00e3o.<\/p><p>Se existentes, \u00e9 importante que voc\u00ea forne\u00e7a provas, evid\u00eancias ou a indique onde elas podem ser encontradas.<\/p><p>Ap\u00f3s o registro, um n\u00famero de protocolo ser\u00e1 fornecido para que voc\u00ea possa, sigilosamente, acompanhar o andamento da den\u00fancia.<\/p><p>Obrigado pela sua iniciativa e confian\u00e7a.<\/p>\t\t\t\t\t\t\t\t<\/div>\n\t\t\t\t<\/div>\n\t\t\t\t<div class=\"elementor-element elementor-element-822599a elementor-widget elementor-widget-shortcode\" data-id=\"822599a\" data-element_type=\"widget\" data-widget_type=\"shortcode.default\">\n\t\t\t\t<div class=\"elementor-widget-container\">\n\t\t\t\t\t\t\t<div class=\"elementor-shortcode\">\n<div class=\"wpcf7 no-js\" id=\"wpcf7-f383-o1\" lang=\"pt-BR\" dir=\"ltr\" data-wpcf7-id=\"383\">\n<div class=\"screen-reader-response\"><p role=\"status\" aria-live=\"polite\" aria-atomic=\"true\"><\/p> <ul><\/ul><\/div>\n<form action=\"\/pt\/wp-json\/wp\/v2\/pages\/541#wpcf7-f383-o1\" method=\"post\" class=\"wpcf7-form init\" aria-label=\"Formul\u00e1rios de contato\" novalidate=\"novalidate\" data-status=\"init\" data-trp-original-action=\"\/pt\/wp-json\/wp\/v2\/pages\/541#wpcf7-f383-o1\">\n<fieldset class=\"hidden-fields-container\"><input type=\"hidden\" name=\"_wpcf7\" value=\"383\" \/><input type=\"hidden\" name=\"_wpcf7_version\" value=\"6.1.4\" \/><input type=\"hidden\" name=\"_wpcf7_locale\" value=\"pt_BR\" \/><input type=\"hidden\" name=\"_wpcf7_unit_tag\" value=\"wpcf7-f383-o1\" \/><input type=\"hidden\" name=\"_wpcf7_container_post\" value=\"0\" \/><input type=\"hidden\" name=\"_wpcf7_posted_data_hash\" value=\"\" \/>\n<\/fieldset>\n<div class=\"sps-denuncia-form\">\n\t<p><label class=\"sps-field\"><br \/>\n<span class=\"sps-label\">Tipo de Den\u00fancia <span class=\"sps-required\">*<\/span><\/span><br \/>\n<span class=\"sps-help\">Por favor selecione a categoria<\/span><br \/>\n<span class=\"wpcf7-form-control-wrap\" data-name=\"tipo-de-denuncia\"><select class=\"wpcf7-form-control wpcf7-select wpcf7-validates-as-required sps-control\" aria-required=\"true\" aria-invalid=\"false\" name=\"tipo-de-denuncia\"><option value=\"\">&#8212;Escolha uma op\u00e7\u00e3o&#8212;<\/option><option value=\"Abuso de autoridade\">Abuso de autoridade<\/option><option value=\"Acidente envolvendo funcion\u00e1rio e\/ou terceiros\">Acidente envolvendo funcion\u00e1rio e\/ou terceiros<\/option><option value=\"Adultera\u00e7\u00e3o de Medidor de G\u00e1s\/Desvio de G\u00e1s\">Adultera\u00e7\u00e3o de Medidor de G\u00e1s\/Desvio de G\u00e1s<\/option><option value=\"Ass\u00e9dio moral e\/ou agress\u00e3o f\u00edsica\">Ass\u00e9dio moral e\/ou agress\u00e3o f\u00edsica<\/option><option value=\"Ass\u00e9dio sexual\">Ass\u00e9dio sexual<\/option><option value=\"Favorecer ou privilegiar membros da Equipe\">Favorecer ou privilegiar membros da Equipe<\/option><option value=\"Assuntos que n\u00e3o se enquadram nas demais categorias\">Assuntos que n\u00e3o se enquadram nas demais categorias<\/option><option value=\"CADE \u2013 D\u00favidas e reclama\u00e7\u00f5es quanto ao atendimento do acordo em controle de concentra\u00e7\u00e3o\">CADE \u2013 D\u00favidas e reclama\u00e7\u00f5es quanto ao atendimento do acordo em controle de concentra\u00e7\u00e3o<\/option><option value=\"Contrata\u00e7\u00e3o de fornecedores ou prestadores de servi\u00e7o em desacordo com normas\">Contrata\u00e7\u00e3o de fornecedores ou prestadores de servi\u00e7o em desacordo com normas<\/option><option value=\"Corrup\u00e7\u00e3o\">Corrup\u00e7\u00e3o<\/option><option value=\"Destrui\u00e7\u00e3o ou danos aos ativos\">Destrui\u00e7\u00e3o ou danos aos ativos<\/option><option value=\"Desvio de comportamento\">Desvio de comportamento<\/option><option value=\"Direcionamento ao SAC ou outros canais de atendimento, falhas na tentativa de contato e assuntos n\u00e3o pertinentes\">Direcionamento ao SAC ou outros canais de atendimento, falhas na tentativa de contato e assuntos n\u00e3o pertinentes<\/option><option value=\"Discrimina\u00e7\u00e3o\">Discrimina\u00e7\u00e3o<\/option><option value=\"Favorecimento ou conflito de interesses\">Favorecimento ou conflito de interesses<\/option><option value=\"Fraude\">Fraude<\/option><option value=\"Insatisfa\u00e7\u00e3o com o clima organizacional, benef\u00edcios, ambiente de trabalho, condi\u00e7\u00f5es de trabalho e pol\u00edticas internas\">Insatisfa\u00e7\u00e3o com o clima organizacional, benef\u00edcios, ambiente de trabalho, condi\u00e7\u00f5es de trabalho e pol\u00edticas internas<\/option><option value=\"Irregularidades nas demonstra\u00e7\u00f5es financeiras\">Irregularidades nas demonstra\u00e7\u00f5es financeiras<\/option><option value=\"N\u00e3o conformidade aos procedimentos e pol\u00edticas internas\">N\u00e3o conformidade aos procedimentos e pol\u00edticas internas<\/option><option value=\"Pagamento ou recebimento impr\u00f3prio\">Pagamento ou recebimento impr\u00f3prio<\/option><option value=\"Polui\u00e7\u00e3o Sonora\">Polui\u00e7\u00e3o Sonora<\/option><option value=\"Porte de armas\">Porte de armas<\/option><option value=\"Porte, uso ou distribui\u00e7\u00e3o de drogas l\u00edcitas ou il\u00edcitas\">Porte, uso ou distribui\u00e7\u00e3o de drogas l\u00edcitas ou il\u00edcitas<\/option><option value=\"Recebimento de brindes, cortesias e presentes em desacordo com normas\">Recebimento de brindes, cortesias e presentes em desacordo com normas<\/option><option value=\"Relacionamento \u00edntimo com subordina\u00e7\u00e3o direta\">Relacionamento \u00edntimo com subordina\u00e7\u00e3o direta<\/option><option value=\"Roubo, furto ou desvio de materiais\">Roubo, furto ou desvio de materiais<\/option><option value=\"Vazamento ou uso indevido de informa\u00e7\u00f5es\">Vazamento ou uso indevido de informa\u00e7\u00f5es<\/option><option value=\"Viola\u00e7\u00e3o de leis ambientais\">Viola\u00e7\u00e3o de leis ambientais<\/option><option value=\"Viola\u00e7\u00e3o de leis n\u00e3o expl\u00edcitas nas demais categorias\">Viola\u00e7\u00e3o de leis n\u00e3o expl\u00edcitas nas demais categorias<\/option><option value=\"Viola\u00e7\u00e3o de leis praticadas por fornecedores\/terceiros\">Viola\u00e7\u00e3o de leis praticadas por fornecedores\/terceiros<\/option><option value=\"Viola\u00e7\u00e3o de leis trabalhistas\">Viola\u00e7\u00e3o de leis trabalhistas<\/option><\/select><\/span><br \/>\n<\/label>\n\t<\/p>\n\t<p><label class=\"sps-field\"><br \/>\n<span class=\"sps-label\">Localidade <span class=\"sps-required\">*<\/span><\/span><br \/>\n<span class=\"sps-help\">Selecione a regi\u00e3o<\/span><br \/>\n<span class=\"wpcf7-form-control-wrap\" data-name=\"localidade\"><select class=\"wpcf7-form-control wpcf7-select wpcf7-validates-as-required sps-control\" aria-required=\"true\" aria-invalid=\"false\" name=\"localidade\"><option value=\"\">&#8212;Escolha uma op\u00e7\u00e3o&#8212;<\/option><option value=\"Matriz\">Matriz<\/option><option value=\"Filial 1\">Filial 1<\/option><option value=\"Filial 2\">Filial 2<\/option><option value=\"Filial 3\">Filial 3<\/option><option value=\"Filial 4\">Filial 4<\/option><option value=\"Filial 5\">Filial 5<\/option><\/select><\/span><br \/>\n<\/label>\n\t<\/p>\n\t<p><label class=\"sps-field\"><br \/>\n<span class=\"sps-label\">Descri\u00e7\u00e3o da Den\u00fancia <span class=\"sps-required\">*<\/span><\/span><br \/>\n<span class=\"sps-help\">Fa\u00e7a uma descri\u00e7\u00e3o detalhada<\/span><br \/>\n<span class=\"wpcf7-form-control-wrap\" data-name=\"descricao\"><textarea cols=\"40\" rows=\"10\" maxlength=\"2000\" class=\"wpcf7-form-control wpcf7-textarea wpcf7-validates-as-required sps-control sps-textarea\" aria-required=\"true\" aria-invalid=\"false\" name=\"descricao\"><\/textarea><\/span><br \/>\n<\/label>\n\t<\/p>\n\t<p><label> <b>Este relato est\u00e1 relacionado a outro registro anterior?<\/b><br \/>\nEm caso positivo, por favor, informe o n\u00famero do protocolo:<\/label>\n\t<\/p>\n\t<p><label><span class=\"wpcf7-form-control-wrap\" data-name=\"protocolo-anterior\"><input size=\"40\" maxlength=\"400\" class=\"wpcf7-form-control wpcf7-text\" aria-invalid=\"false\" value=\"\" type=\"text\" name=\"protocolo-anterior\" \/><\/span><\/label>\n\t<\/p>\n\t<div class=\"sps-actions\">\n\t\t<p><input class=\"wpcf7-form-control wpcf7-submit has-spinner sps-btn sps-btn-primary\" type=\"submit\" value=\"Enviar\" \/>\n\t\t<\/p>\n\t<\/div>\n<\/div><div class=\"wpcf7-response-output\" aria-hidden=\"true\"><\/div>\n<input type=\"hidden\" name=\"trp-form-language\" value=\"pt\"\/><\/form>\n<\/div>\n<\/div>\n\t\t\t\t\t\t<\/div>\n\t\t\t\t<\/div>\n\t\t\t\t\t<\/div>\n\t\t<\/div>\n\t\t\t\t\t<\/div>\n\t\t<\/section>\n\t\t\t\t<\/div>","protected":false},"excerpt":{"rendered":"<p>P\u00e1gina Inicial Relatar Den\u00fancia Acompanhar Den\u00fancia C\u00f3digo de Conduta Para fazer uma den\u00fancia, voc\u00ea dever preencher os campos abaixo com uma descri\u00e7\u00e3o completa e detalhada da situa\u00e7\u00e3o considerada ilegal, anti\u00e9tica ou que tenha violado o C\u00f3digo de Conduta da empresa. Inclua informa\u00e7\u00f5es como: &#8211; Qual \u00e9 a situa\u00e7\u00e3o;&#8211; Quando a situa\u00e7\u00e3o est\u00e1 ocorrendo, ocorreu ou [&hellip;]<\/p>","protected":false},"author":1,"featured_media":0,"parent":0,"menu_order":0,"comment_status":"closed","ping_status":"closed","template":"","meta":{"footnotes":""},"class_list":["post-541","page","type-page","status-publish","hentry"],"_links":{"self":[{"href":"https:\/\/spsdefesa.com\/pt\/wp-json\/wp\/v2\/pages\/541","targetHints":{"allow":["GET"]}}],"collection":[{"href":"https:\/\/spsdefesa.com\/pt\/wp-json\/wp\/v2\/pages"}],"about":[{"href":"https:\/\/spsdefesa.com\/pt\/wp-json\/wp\/v2\/types\/page"}],"author":[{"embeddable":true,"href":"https:\/\/spsdefesa.com\/pt\/wp-json\/wp\/v2\/users\/1"}],"replies":[{"embeddable":true,"href":"https:\/\/spsdefesa.com\/pt\/wp-json\/wp\/v2\/comments?post=541"}],"version-history":[{"count":19,"href":"https:\/\/spsdefesa.com\/pt\/wp-json\/wp\/v2\/pages\/541\/revisions"}],"predecessor-version":[{"id":798,"href":"https:\/\/spsdefesa.com\/pt\/wp-json\/wp\/v2\/pages\/541\/revisions\/798"}],"wp:attachment":[{"href":"https:\/\/spsdefesa.com\/pt\/wp-json\/wp\/v2\/media?parent=541"}],"curies":[{"name":"wp","href":"https:\/\/api.w.org\/{rel}","templated":true}]}}