{"id":240,"date":"2023-03-13T09:56:42","date_gmt":"2023-03-13T12:56:42","guid":{"rendered":"http:\/\/spsdefesa.com\/?page_id=240"},"modified":"2023-08-29T09:59:43","modified_gmt":"2023-08-29T12:59:43","slug":"denuncia","status":"publish","type":"page","link":"https:\/\/spsdefesa.com\/pt\/denuncia\/","title":{"rendered":"Den\u00fancia"},"content":{"rendered":"<div data-elementor-type=\"wp-page\" data-elementor-id=\"240\" class=\"elementor elementor-240\">\n\t\t\t\t\t\t<section class=\"elementor-section elementor-top-section elementor-element elementor-element-ee15af7 elementor-section-full_width elementor-section-height-default elementor-section-height-default\" data-id=\"ee15af7\" data-element_type=\"section\">\n\t\t\t\t\t\t<div class=\"elementor-container elementor-column-gap-default\">\n\t\t\t\t\t<div class=\"elementor-column elementor-col-50 elementor-top-column elementor-element elementor-element-1817185\" data-id=\"1817185\" data-element_type=\"column\">\n\t\t\t<div class=\"elementor-widget-wrap elementor-element-populated\">\n\t\t\t\t\t\t<div class=\"elementor-element elementor-element-f4340e0 elementor-align-justify elementor-widget__width-inherit elementor-widget elementor-widget-button\" data-id=\"f4340e0\" data-element_type=\"widget\" data-widget_type=\"button.default\">\n\t\t\t\t<div class=\"elementor-widget-container\">\n\t\t\t\t\t\t\t\t\t<div class=\"elementor-button-wrapper\">\n\t\t\t\t\t<a class=\"elementor-button elementor-button-link elementor-size-lg\" href=\"\/pt\/inicio\/\">\n\t\t\t\t\t\t<span class=\"elementor-button-content-wrapper\">\n\t\t\t\t\t\t\t\t\t<span class=\"elementor-button-text\">P\u00e1gina Inicial<\/span>\n\t\t\t\t\t<\/span>\n\t\t\t\t\t<\/a>\n\t\t\t\t<\/div>\n\t\t\t\t\t\t\t\t<\/div>\n\t\t\t\t<\/div>\n\t\t\t\t<div class=\"elementor-element elementor-element-3ce793a elementor-align-justify elementor-widget__width-inherit elementor-widget elementor-widget-button\" data-id=\"3ce793a\" data-element_type=\"widget\" data-widget_type=\"button.default\">\n\t\t\t\t<div class=\"elementor-widget-container\">\n\t\t\t\t\t\t\t\t\t<div class=\"elementor-button-wrapper\">\n\t\t\t\t\t<a class=\"elementor-button elementor-button-link elementor-size-lg\" href=\"\/pt\/denuncia\/\">\n\t\t\t\t\t\t<span class=\"elementor-button-content-wrapper\">\n\t\t\t\t\t\t\t\t\t<span class=\"elementor-button-text\">Relatar den\u00fancia<\/span>\n\t\t\t\t\t<\/span>\n\t\t\t\t\t<\/a>\n\t\t\t\t<\/div>\n\t\t\t\t\t\t\t\t<\/div>\n\t\t\t\t<\/div>\n\t\t\t\t<div class=\"elementor-element elementor-element-88854a8 elementor-align-justify elementor-widget__width-inherit elementor-widget elementor-widget-button\" data-id=\"88854a8\" data-element_type=\"widget\" data-widget_type=\"button.default\">\n\t\t\t\t<div class=\"elementor-widget-container\">\n\t\t\t\t\t\t\t\t\t<div class=\"elementor-button-wrapper\">\n\t\t\t\t\t<a class=\"elementor-button elementor-button-link elementor-size-lg\" href=\"\/pt\/acompanhar-denuncia\/\">\n\t\t\t\t\t\t<span class=\"elementor-button-content-wrapper\">\n\t\t\t\t\t\t\t\t\t<span class=\"elementor-button-text\">Acompanhar den\u00fancia<\/span>\n\t\t\t\t\t<\/span>\n\t\t\t\t\t<\/a>\n\t\t\t\t<\/div>\n\t\t\t\t\t\t\t\t<\/div>\n\t\t\t\t<\/div>\n\t\t\t\t<div class=\"elementor-element elementor-element-849b266 elementor-align-justify elementor-widget__width-inherit elementor-widget elementor-widget-button\" data-id=\"849b266\" data-element_type=\"widget\" data-widget_type=\"button.default\">\n\t\t\t\t<div class=\"elementor-widget-container\">\n\t\t\t\t\t\t\t\t\t<div class=\"elementor-button-wrapper\">\n\t\t\t\t\t<a class=\"elementor-button elementor-button-link elementor-size-lg\" href=\"\/pt\/inicio\/\">\n\t\t\t\t\t\t<span class=\"elementor-button-content-wrapper\">\n\t\t\t\t\t\t\t\t\t<span class=\"elementor-button-text\">C\u00f3digo de Conduta<\/span>\n\t\t\t\t\t<\/span>\n\t\t\t\t\t<\/a>\n\t\t\t\t<\/div>\n\t\t\t\t\t\t\t\t<\/div>\n\t\t\t\t<\/div>\n\t\t\t\t\t<\/div>\n\t\t<\/div>\n\t\t\t\t<div class=\"elementor-column elementor-col-50 elementor-top-column elementor-element elementor-element-ec0a6bc\" data-id=\"ec0a6bc\" data-element_type=\"column\" data-settings=\"{&quot;background_background&quot;:&quot;classic&quot;}\">\n\t\t\t<div class=\"elementor-widget-wrap elementor-element-populated\">\n\t\t\t\t\t\t<div class=\"elementor-element elementor-element-5f6f646 elementor-widget elementor-widget-text-editor\" data-id=\"5f6f646\" data-element_type=\"widget\" data-widget_type=\"text-editor.default\">\n\t\t\t\t<div class=\"elementor-widget-container\">\n\t\t\t\t\t\t\t\t\t<p style=\"margin-top: 0cm; background: white;\"><span style=\"font-family: Roboto; color: #7a7a7a;\">Recebida uma den\u00fancia, todas as informa\u00e7\u00f5es registradas no Canal de Den\u00fancia s\u00e3o analisadas pelo Grupo SPS, uma empresa especializada e independente. \u00c9 sempre garantido o sigilo absoluto e o encaminhamento adequado para o tratamento de cada situa\u00e7\u00e3o denunciada pela alta administra\u00e7\u00e3o do Grupo SPS, sem exposi\u00e7\u00e3o do denunciante e sem qualquer conflito de interesse.<\/span><\/p><p style=\"margin-top: 0cm; background: white;\"><span style=\"font-family: Roboto; color: #7a7a7a;\">As informa\u00e7\u00f5es e situa\u00e7\u00f5es relatadas ser\u00e3o verificadas dentro do processo de compliance e as a\u00e7\u00f5es a serem tomadas ficar\u00e3o exclusivamente a crit\u00e9rio do Grupo SPS ou do contratante do Canal do Den\u00fancia.<\/span><\/p>\t\t\t\t\t\t\t\t<\/div>\n\t\t\t\t<\/div>\n\t\t\t\t<div class=\"elementor-element elementor-element-fb090cd elementor-widget__width-auto elementor-widget elementor-widget-button\" data-id=\"fb090cd\" data-element_type=\"widget\" data-widget_type=\"button.default\">\n\t\t\t\t<div class=\"elementor-widget-container\">\n\t\t\t\t\t\t\t\t\t<div class=\"elementor-button-wrapper\">\n\t\t\t\t\t<a class=\"elementor-button elementor-button-link elementor-size-sm\" href=\"\/pt\/relatar-denuncia\/\">\n\t\t\t\t\t\t<span class=\"elementor-button-content-wrapper\">\n\t\t\t\t\t\t\t\t\t<span class=\"elementor-button-text\">Concordo com os termos acima<\/span>\n\t\t\t\t\t<\/span>\n\t\t\t\t\t<\/a>\n\t\t\t\t<\/div>\n\t\t\t\t\t\t\t\t<\/div>\n\t\t\t\t<\/div>\n\t\t\t\t<div class=\"elementor-element elementor-element-e298d9c elementor-widget__width-auto elementor-widget elementor-widget-button\" data-id=\"e298d9c\" data-element_type=\"widget\" data-widget_type=\"button.default\">\n\t\t\t\t<div class=\"elementor-widget-container\">\n\t\t\t\t\t\t\t\t\t<div class=\"elementor-button-wrapper\">\n\t\t\t\t\t<a class=\"elementor-button elementor-button-link elementor-size-sm\" href=\"\/pt\/inicio\/\">\n\t\t\t\t\t\t<span class=\"elementor-button-content-wrapper\">\n\t\t\t\t\t\t\t\t\t<span class=\"elementor-button-text\">N\u00e3o concordo com os termos acima<\/span>\n\t\t\t\t\t<\/span>\n\t\t\t\t\t<\/a>\n\t\t\t\t<\/div>\n\t\t\t\t\t\t\t\t<\/div>\n\t\t\t\t<\/div>\n\t\t\t\t\t<\/div>\n\t\t<\/div>\n\t\t\t\t\t<\/div>\n\t\t<\/section>\n\t\t\t\t<\/div>","protected":false},"excerpt":{"rendered":"<p>P\u00e1gina Inicial Relatar Den\u00fancia Acompanhar Den\u00fancia C\u00f3digo de Conduta Recebida uma den\u00fancia, todas as informa\u00e7\u00f5es registradas no Canal de Den\u00fancia s\u00e3o analisadas pelo Grupo SPS, uma empresa especializada e independente. \u00c9 sempre garantido o sigilo absoluto e o encaminhamento adequado para o tratamento de cada situa\u00e7\u00e3o denunciada pela alta administra\u00e7\u00e3o do Grupo SPS, sem exposi\u00e7\u00e3o [&hellip;]<\/p>","protected":false},"author":1,"featured_media":0,"parent":0,"menu_order":0,"comment_status":"closed","ping_status":"closed","template":"","meta":{"footnotes":""},"class_list":["post-240","page","type-page","status-publish","hentry"],"_links":{"self":[{"href":"https:\/\/spsdefesa.com\/pt\/wp-json\/wp\/v2\/pages\/240","targetHints":{"allow":["GET"]}}],"collection":[{"href":"https:\/\/spsdefesa.com\/pt\/wp-json\/wp\/v2\/pages"}],"about":[{"href":"https:\/\/spsdefesa.com\/pt\/wp-json\/wp\/v2\/types\/page"}],"author":[{"embeddable":true,"href":"https:\/\/spsdefesa.com\/pt\/wp-json\/wp\/v2\/users\/1"}],"replies":[{"embeddable":true,"href":"https:\/\/spsdefesa.com\/pt\/wp-json\/wp\/v2\/comments?post=240"}],"version-history":[{"count":38,"href":"https:\/\/spsdefesa.com\/pt\/wp-json\/wp\/v2\/pages\/240\/revisions"}],"predecessor-version":[{"id":780,"href":"https:\/\/spsdefesa.com\/pt\/wp-json\/wp\/v2\/pages\/240\/revisions\/780"}],"wp:attachment":[{"href":"https:\/\/spsdefesa.com\/pt\/wp-json\/wp\/v2\/media?parent=240"}],"curies":[{"name":"wp","href":"https:\/\/api.w.org\/{rel}","templated":true}]}}