{"id":2,"date":"2023-03-07T16:17:06","date_gmt":"2023-03-07T19:17:06","guid":{"rendered":"http:\/\/spsdefesa.com\/?page_id=2"},"modified":"2023-08-29T09:55:54","modified_gmt":"2023-08-29T12:55:54","slug":"inicio","status":"publish","type":"page","link":"https:\/\/spsdefesa.com\/pt\/","title":{"rendered":"In\u00edcio"},"content":{"rendered":"<div data-elementor-type=\"wp-page\" data-elementor-id=\"2\" class=\"elementor elementor-2\">\n\t\t\t\t\t\t<section class=\"elementor-section elementor-top-section elementor-element elementor-element-1eb3b65 elementor-section-full_width elementor-section-height-default elementor-section-height-default\" data-id=\"1eb3b65\" data-element_type=\"section\">\n\t\t\t\t\t\t<div class=\"elementor-container elementor-column-gap-default\">\n\t\t\t\t\t<div class=\"elementor-column elementor-col-50 elementor-top-column elementor-element elementor-element-e31a618\" data-id=\"e31a618\" data-element_type=\"column\">\n\t\t\t<div class=\"elementor-widget-wrap elementor-element-populated\">\n\t\t\t\t\t\t<div class=\"elementor-element elementor-element-6bdbfb7 elementor-align-justify elementor-widget__width-inherit elementor-widget elementor-widget-button\" data-id=\"6bdbfb7\" data-element_type=\"widget\" data-widget_type=\"button.default\">\n\t\t\t\t<div class=\"elementor-widget-container\">\n\t\t\t\t\t\t\t\t\t<div class=\"elementor-button-wrapper\">\n\t\t\t\t\t<a class=\"elementor-button elementor-button-link elementor-size-lg\" href=\"\/pt\/inicio\/\">\n\t\t\t\t\t\t<span class=\"elementor-button-content-wrapper\">\n\t\t\t\t\t\t\t\t\t<span class=\"elementor-button-text\">P\u00e1gina Inicial<\/span>\n\t\t\t\t\t<\/span>\n\t\t\t\t\t<\/a>\n\t\t\t\t<\/div>\n\t\t\t\t\t\t\t\t<\/div>\n\t\t\t\t<\/div>\n\t\t\t\t<div class=\"elementor-element elementor-element-f5ad118 elementor-align-justify elementor-widget__width-inherit elementor-widget elementor-widget-button\" data-id=\"f5ad118\" data-element_type=\"widget\" data-widget_type=\"button.default\">\n\t\t\t\t<div class=\"elementor-widget-container\">\n\t\t\t\t\t\t\t\t\t<div class=\"elementor-button-wrapper\">\n\t\t\t\t\t<a class=\"elementor-button elementor-button-link elementor-size-lg\" href=\"\/pt\/denuncia\/\">\n\t\t\t\t\t\t<span class=\"elementor-button-content-wrapper\">\n\t\t\t\t\t\t\t\t\t<span class=\"elementor-button-text\">Relatar den\u00fancia<\/span>\n\t\t\t\t\t<\/span>\n\t\t\t\t\t<\/a>\n\t\t\t\t<\/div>\n\t\t\t\t\t\t\t\t<\/div>\n\t\t\t\t<\/div>\n\t\t\t\t<div class=\"elementor-element elementor-element-ba4d4d5 elementor-align-justify elementor-widget__width-inherit elementor-widget elementor-widget-button\" data-id=\"ba4d4d5\" data-element_type=\"widget\" data-widget_type=\"button.default\">\n\t\t\t\t<div class=\"elementor-widget-container\">\n\t\t\t\t\t\t\t\t\t<div class=\"elementor-button-wrapper\">\n\t\t\t\t\t<a class=\"elementor-button elementor-button-link elementor-size-lg\" href=\"\/pt\/acompanhar-denuncia\/\">\n\t\t\t\t\t\t<span class=\"elementor-button-content-wrapper\">\n\t\t\t\t\t\t\t\t\t<span class=\"elementor-button-text\">Acompanhar den\u00fancia<\/span>\n\t\t\t\t\t<\/span>\n\t\t\t\t\t<\/a>\n\t\t\t\t<\/div>\n\t\t\t\t\t\t\t\t<\/div>\n\t\t\t\t<\/div>\n\t\t\t\t<div class=\"elementor-element elementor-element-ea2a0e6 elementor-align-justify elementor-widget__width-inherit elementor-widget elementor-widget-button\" data-id=\"ea2a0e6\" data-element_type=\"widget\" data-widget_type=\"button.default\">\n\t\t\t\t<div class=\"elementor-widget-container\">\n\t\t\t\t\t\t\t\t\t<div class=\"elementor-button-wrapper\">\n\t\t\t\t\t<a class=\"elementor-button elementor-button-link elementor-size-lg\" href=\"\/pt\/inicio\/\">\n\t\t\t\t\t\t<span class=\"elementor-button-content-wrapper\">\n\t\t\t\t\t\t\t\t\t<span class=\"elementor-button-text\">C\u00f3digo de Conduta<\/span>\n\t\t\t\t\t<\/span>\n\t\t\t\t\t<\/a>\n\t\t\t\t<\/div>\n\t\t\t\t\t\t\t\t<\/div>\n\t\t\t\t<\/div>\n\t\t\t\t\t<\/div>\n\t\t<\/div>\n\t\t\t\t<div class=\"elementor-column elementor-col-50 elementor-top-column elementor-element elementor-element-9524808\" data-id=\"9524808\" data-element_type=\"column\" data-settings=\"{&quot;background_background&quot;:&quot;classic&quot;}\">\n\t\t\t<div class=\"elementor-widget-wrap elementor-element-populated\">\n\t\t\t\t\t\t<div class=\"elementor-element elementor-element-1fd22b9 elementor-widget elementor-widget-text-editor\" data-id=\"1fd22b9\" data-element_type=\"widget\" data-widget_type=\"text-editor.default\">\n\t\t\t\t<div class=\"elementor-widget-container\">\n\t\t\t\t\t\t\t\t\t<p>O Grupo SPS possui uma ferramenta exclusiva e confidencial denominada Canal de Den\u00fancia, para ser utilizada em ambiente de compliance. Com esta ferramenta \u00e9 poss\u00edvel denunciar qualquer a\u00e7\u00e3o ou omiss\u00e3o que viole o C\u00f3digo de Conduta \u00c9tica de uma empresa ou a legisla\u00e7\u00e3o em vigor no pa\u00eds. As den\u00fancias podem ser registradas de forma identificada ou an\u00f4nima, sempre assegurando total sigilo das informa\u00e7\u00f5es oferecidas e um tratamento adequado para cada situa\u00e7\u00e3o, sem prejudicar ou expor o denunciante e evitando conflitos de interesses.<\/p><p>Ao utilizar o Canal de Den\u00fancia, \u00e9 altamente recomend\u00e1vel que o denunciante forne\u00e7a o m\u00e1ximo de informa\u00e7\u00f5es dispon\u00edveis, como documentos, fotografias, grava\u00e7\u00f5es, v\u00eddeos, e-mails, nome dos envolvidos, local de trabalho, data e hor\u00e1rio, circunst\u00e2ncias espec\u00edficas, entre outras consideradas relevantes. Dessa forma, os respons\u00e1veis pela apura\u00e7\u00e3o dos fatos denunciados poder\u00e3o conduzir o processo de forma plena, verificando a pertin\u00eancia da den\u00fancia.<\/p>\t\t\t\t\t\t\t\t<\/div>\n\t\t\t\t<\/div>\n\t\t\t\t<div class=\"elementor-element elementor-element-fb090cd elementor-widget__width-auto elementor-widget elementor-widget-button\" data-id=\"fb090cd\" data-element_type=\"widget\" data-widget_type=\"button.default\">\n\t\t\t\t<div class=\"elementor-widget-container\">\n\t\t\t\t\t\t\t\t\t<div class=\"elementor-button-wrapper\">\n\t\t\t\t\t<a class=\"elementor-button elementor-button-link elementor-size-sm\" href=\"\/pt\/denuncia\/\">\n\t\t\t\t\t\t<span class=\"elementor-button-content-wrapper\">\n\t\t\t\t\t\t\t\t\t<span class=\"elementor-button-text\">Relatar Den\u00fancia<\/span>\n\t\t\t\t\t<\/span>\n\t\t\t\t\t<\/a>\n\t\t\t\t<\/div>\n\t\t\t\t\t\t\t\t<\/div>\n\t\t\t\t<\/div>\n\t\t\t\t<div class=\"elementor-element elementor-element-e298d9c elementor-widget__width-auto elementor-widget elementor-widget-button\" data-id=\"e298d9c\" data-element_type=\"widget\" data-widget_type=\"button.default\">\n\t\t\t\t<div class=\"elementor-widget-container\">\n\t\t\t\t\t\t\t\t\t<div class=\"elementor-button-wrapper\">\n\t\t\t\t\t<a class=\"elementor-button elementor-button-link elementor-size-sm\" href=\"\/pt\/acompanhar-denuncia\/\">\n\t\t\t\t\t\t<span class=\"elementor-button-content-wrapper\">\n\t\t\t\t\t\t\t\t\t<span class=\"elementor-button-text\">Acompanhar den\u00fancia<\/span>\n\t\t\t\t\t<\/span>\n\t\t\t\t\t<\/a>\n\t\t\t\t<\/div>\n\t\t\t\t\t\t\t\t<\/div>\n\t\t\t\t<\/div>\n\t\t\t\t\t<\/div>\n\t\t<\/div>\n\t\t\t\t\t<\/div>\n\t\t<\/section>\n\t\t\t\t<\/div>","protected":false},"excerpt":{"rendered":"<p>P\u00e1gina Inicial Relatar Den\u00fancia Acompanhar Den\u00fancia C\u00f3digo de Conduta O Grupo SPS possui uma ferramenta exclusiva e confidencial denominada Canal de Den\u00fancia, para ser utilizada em ambiente de compliance. Com esta ferramenta \u00e9 poss\u00edvel denunciar qualquer a\u00e7\u00e3o ou omiss\u00e3o que viole o C\u00f3digo de Conduta \u00c9tica de uma empresa ou a legisla\u00e7\u00e3o em vigor no [&hellip;]<\/p>","protected":false},"author":1,"featured_media":0,"parent":0,"menu_order":0,"comment_status":"closed","ping_status":"closed","template":"","meta":{"footnotes":""},"class_list":["post-2","page","type-page","status-publish","hentry"],"_links":{"self":[{"href":"https:\/\/spsdefesa.com\/pt\/wp-json\/wp\/v2\/pages\/2","targetHints":{"allow":["GET"]}}],"collection":[{"href":"https:\/\/spsdefesa.com\/pt\/wp-json\/wp\/v2\/pages"}],"about":[{"href":"https:\/\/spsdefesa.com\/pt\/wp-json\/wp\/v2\/types\/page"}],"author":[{"embeddable":true,"href":"https:\/\/spsdefesa.com\/pt\/wp-json\/wp\/v2\/users\/1"}],"replies":[{"embeddable":true,"href":"https:\/\/spsdefesa.com\/pt\/wp-json\/wp\/v2\/comments?post=2"}],"version-history":[{"count":92,"href":"https:\/\/spsdefesa.com\/pt\/wp-json\/wp\/v2\/pages\/2\/revisions"}],"predecessor-version":[{"id":837,"href":"https:\/\/spsdefesa.com\/pt\/wp-json\/wp\/v2\/pages\/2\/revisions\/837"}],"wp:attachment":[{"href":"https:\/\/spsdefesa.com\/pt\/wp-json\/wp\/v2\/media?parent=2"}],"curies":[{"name":"wp","href":"https:\/\/api.w.org\/{rel}","templated":true}]}}