{"id":373,"date":"2023-03-15T08:39:28","date_gmt":"2023-03-15T11:39:28","guid":{"rendered":"http:\/\/spsdefesa.com\/?page_id=373"},"modified":"2023-08-29T10:00:50","modified_gmt":"2023-08-29T13:00:50","slug":"relatar-denuncia","status":"publish","type":"page","link":"https:\/\/spsdefesa.com\/br\/relatar-denuncia\/","title":{"rendered":"Relatar Den\u00fancia"},"content":{"rendered":"\t\t<div data-elementor-type=\"wp-page\" data-elementor-id=\"373\" class=\"elementor elementor-373\">\n\t\t\t\t\t\t<section class=\"elementor-section elementor-top-section elementor-element elementor-element-a4f4094 elementor-section-full_width elementor-section-height-default elementor-section-height-default\" data-id=\"a4f4094\" data-element_type=\"section\">\n\t\t\t\t\t\t<div class=\"elementor-container elementor-column-gap-default\">\n\t\t\t\t\t<div class=\"elementor-column elementor-col-50 elementor-top-column elementor-element elementor-element-884e5ad\" data-id=\"884e5ad\" data-element_type=\"column\">\n\t\t\t<div class=\"elementor-widget-wrap elementor-element-populated\">\n\t\t\t\t\t\t<div class=\"elementor-element elementor-element-d2252ff elementor-align-justify elementor-widget__width-inherit elementor-widget elementor-widget-button\" data-id=\"d2252ff\" data-element_type=\"widget\" data-widget_type=\"button.default\">\n\t\t\t\t<div class=\"elementor-widget-container\">\n\t\t\t\t\t\t\t\t\t<div class=\"elementor-button-wrapper\">\n\t\t\t\t\t<a class=\"elementor-button elementor-button-link elementor-size-lg\" href=\"\/inicio\">\n\t\t\t\t\t\t<span class=\"elementor-button-content-wrapper\">\n\t\t\t\t\t\t\t\t\t<span class=\"elementor-button-text\">P\u00e1gina Inicial<\/span>\n\t\t\t\t\t<\/span>\n\t\t\t\t\t<\/a>\n\t\t\t\t<\/div>\n\t\t\t\t\t\t\t\t<\/div>\n\t\t\t\t<\/div>\n\t\t\t\t<div class=\"elementor-element elementor-element-8bb501a elementor-align-justify elementor-widget__width-inherit elementor-widget elementor-widget-button\" data-id=\"8bb501a\" data-element_type=\"widget\" data-widget_type=\"button.default\">\n\t\t\t\t<div class=\"elementor-widget-container\">\n\t\t\t\t\t\t\t\t\t<div class=\"elementor-button-wrapper\">\n\t\t\t\t\t<a class=\"elementor-button elementor-button-link elementor-size-lg\" href=\"\/denuncia\">\n\t\t\t\t\t\t<span class=\"elementor-button-content-wrapper\">\n\t\t\t\t\t\t\t\t\t<span class=\"elementor-button-text\">Relatar Den\u00fancia<\/span>\n\t\t\t\t\t<\/span>\n\t\t\t\t\t<\/a>\n\t\t\t\t<\/div>\n\t\t\t\t\t\t\t\t<\/div>\n\t\t\t\t<\/div>\n\t\t\t\t<div class=\"elementor-element elementor-element-582d7c0 elementor-align-justify elementor-widget__width-inherit elementor-widget elementor-widget-button\" data-id=\"582d7c0\" data-element_type=\"widget\" data-widget_type=\"button.default\">\n\t\t\t\t<div class=\"elementor-widget-container\">\n\t\t\t\t\t\t\t\t\t<div class=\"elementor-button-wrapper\">\n\t\t\t\t\t<a class=\"elementor-button elementor-button-link elementor-size-lg\" href=\"\/acompanhar-denuncia\">\n\t\t\t\t\t\t<span class=\"elementor-button-content-wrapper\">\n\t\t\t\t\t\t\t\t\t<span class=\"elementor-button-text\">Acompanhar Den\u00fancia<\/span>\n\t\t\t\t\t<\/span>\n\t\t\t\t\t<\/a>\n\t\t\t\t<\/div>\n\t\t\t\t\t\t\t\t<\/div>\n\t\t\t\t<\/div>\n\t\t\t\t<div class=\"elementor-element elementor-element-e9a6427 elementor-align-justify elementor-widget__width-inherit elementor-widget elementor-widget-button\" data-id=\"e9a6427\" data-element_type=\"widget\" data-widget_type=\"button.default\">\n\t\t\t\t<div class=\"elementor-widget-container\">\n\t\t\t\t\t\t\t\t\t<div class=\"elementor-button-wrapper\">\n\t\t\t\t\t<a class=\"elementor-button elementor-button-link elementor-size-lg\" href=\"\/inicio\">\n\t\t\t\t\t\t<span class=\"elementor-button-content-wrapper\">\n\t\t\t\t\t\t\t\t\t<span class=\"elementor-button-text\">C\u00f3digo de Conduta<\/span>\n\t\t\t\t\t<\/span>\n\t\t\t\t\t<\/a>\n\t\t\t\t<\/div>\n\t\t\t\t\t\t\t\t<\/div>\n\t\t\t\t<\/div>\n\t\t\t\t\t<\/div>\n\t\t<\/div>\n\t\t\t\t<div class=\"elementor-column elementor-col-50 elementor-top-column elementor-element elementor-element-95e5e44\" data-id=\"95e5e44\" data-element_type=\"column\" data-settings=\"{&quot;background_background&quot;:&quot;classic&quot;}\">\n\t\t\t<div class=\"elementor-widget-wrap elementor-element-populated\">\n\t\t\t\t\t\t<div class=\"elementor-element elementor-element-4100be7 elementor-widget elementor-widget-text-editor\" data-id=\"4100be7\" data-element_type=\"widget\" data-widget_type=\"text-editor.default\">\n\t\t\t\t<div class=\"elementor-widget-container\">\n\t\t\t\t\t\t\t\t\t<p style=\"margin-top: 0cm; background: white;\"><span style=\"font-family: Roboto; color: #7a7a7a;\">Para fazer uma den\u00fancia, existem duas op\u00e7\u00f5es: <b>identificada ou an\u00f4nima<\/b>. Independentemente da op\u00e7\u00e3o escolhida, \u00e9 importante que o fato seja real e a descri\u00e7\u00e3o verdadeira, se poss\u00edvel acompanhada de detalhes.<\/span><\/p><p style=\"margin-top: 0cm; background: white;\"><span style=\"font-family: Roboto; color: #7a7a7a;\">Na op\u00e7\u00e3o identificada, o declarante poder se comprometer a fornecer mais informa\u00e7\u00f5es ou detalhes, caso se torne necess\u00e1rio, a fim de esclarecer d\u00favidas sobre o relato. Os registros identificados s\u00e3o valorizados, pois, facilitam o processo de apura\u00e7\u00e3o da den\u00fancia.<\/span><\/p><p style=\"margin-top: 0cm; background: white;\"><span style=\"font-family: Roboto; color: #7a7a7a;\">O Grupo SPS garante que todas as informa\u00e7\u00f5es recebidas em seu Canal de Den\u00fancia s\u00e3o tratadas com absoluto sigilo e a identidade do declarante nunca ser\u00e1 revelada.<\/span><\/p><p style=\"margin-top: 0cm; background: white;\"><span style=\"font-family: Roboto; color: #7a7a7a;\">J\u00e1 na op\u00e7\u00e3o an\u00f4nima o denunciante fornece no Canal de Den\u00fancia as informa\u00e7\u00f5es dispon\u00edveis, mas, caso elas n\u00e3o sejam suficientes, a apura\u00e7\u00e3o dos fatos pode n\u00e3o prosseguir.<\/span><\/p><p style=\"margin-top: 0cm; background: white;\"><span style=\"font-family: Roboto; color: #7a7a7a;\">Antes de utilizar o Canal de Den\u00fancia, \u00e9 preciso decidir se deseja se identificar ou permanecer an\u00f4nimo.<\/span><\/p>\t\t\t\t\t\t\t\t<\/div>\n\t\t\t\t<\/div>\n\t\t\t\t<div class=\"elementor-element elementor-element-ffc6975 elementor-widget__width-auto elementor-widget elementor-widget-button\" data-id=\"ffc6975\" data-element_type=\"widget\" data-widget_type=\"button.default\">\n\t\t\t\t<div class=\"elementor-widget-container\">\n\t\t\t\t\t\t\t\t\t<div class=\"elementor-button-wrapper\">\n\t\t\t\t\t<a class=\"elementor-button elementor-button-link elementor-size-sm\" href=\"\/nova-denuncia\">\n\t\t\t\t\t\t<span class=\"elementor-button-content-wrapper\">\n\t\t\t\t\t\t\t\t\t<span class=\"elementor-button-text\">Quero me identificar<\/span>\n\t\t\t\t\t<\/span>\n\t\t\t\t\t<\/a>\n\t\t\t\t<\/div>\n\t\t\t\t\t\t\t\t<\/div>\n\t\t\t\t<\/div>\n\t\t\t\t<div class=\"elementor-element elementor-element-b02b830 elementor-widget__width-auto elementor-widget elementor-widget-button\" data-id=\"b02b830\" data-element_type=\"widget\" data-widget_type=\"button.default\">\n\t\t\t\t<div class=\"elementor-widget-container\">\n\t\t\t\t\t\t\t\t\t<div class=\"elementor-button-wrapper\">\n\t\t\t\t\t<a class=\"elementor-button elementor-button-link elementor-size-sm\" href=\"\/denuncia-anonima\">\n\t\t\t\t\t\t<span class=\"elementor-button-content-wrapper\">\n\t\t\t\t\t\t\t\t\t<span class=\"elementor-button-text\">Permanecer an\u00f4nimo<\/span>\n\t\t\t\t\t<\/span>\n\t\t\t\t\t<\/a>\n\t\t\t\t<\/div>\n\t\t\t\t\t\t\t\t<\/div>\n\t\t\t\t<\/div>\n\t\t\t\t\t<\/div>\n\t\t<\/div>\n\t\t\t\t\t<\/div>\n\t\t<\/section>\n\t\t\t\t<\/div>\n\t\t","protected":false},"excerpt":{"rendered":"<p>P\u00e1gina Inicial Relatar Den\u00fancia Acompanhar Den\u00fancia C\u00f3digo de Conduta Para fazer uma den\u00fancia, existem duas op\u00e7\u00f5es: identificada ou an\u00f4nima. Independentemente da op\u00e7\u00e3o escolhida, \u00e9 importante que o fato seja real e a descri\u00e7\u00e3o verdadeira, se poss\u00edvel acompanhada de detalhes. Na op\u00e7\u00e3o identificada, o declarante poder se comprometer a fornecer mais informa\u00e7\u00f5es ou detalhes, caso se [&hellip;]<\/p>\n","protected":false},"author":1,"featured_media":0,"parent":0,"menu_order":0,"comment_status":"closed","ping_status":"closed","template":"","meta":{"footnotes":""},"class_list":["post-373","page","type-page","status-publish","hentry"],"_links":{"self":[{"href":"https:\/\/spsdefesa.com\/br\/wp-json\/wp\/v2\/pages\/373","targetHints":{"allow":["GET"]}}],"collection":[{"href":"https:\/\/spsdefesa.com\/br\/wp-json\/wp\/v2\/pages"}],"about":[{"href":"https:\/\/spsdefesa.com\/br\/wp-json\/wp\/v2\/types\/page"}],"author":[{"embeddable":true,"href":"https:\/\/spsdefesa.com\/br\/wp-json\/wp\/v2\/users\/1"}],"replies":[{"embeddable":true,"href":"https:\/\/spsdefesa.com\/br\/wp-json\/wp\/v2\/comments?post=373"}],"version-history":[{"count":130,"href":"https:\/\/spsdefesa.com\/br\/wp-json\/wp\/v2\/pages\/373\/revisions"}],"predecessor-version":[{"id":783,"href":"https:\/\/spsdefesa.com\/br\/wp-json\/wp\/v2\/pages\/373\/revisions\/783"}],"wp:attachment":[{"href":"https:\/\/spsdefesa.com\/br\/wp-json\/wp\/v2\/media?parent=373"}],"curies":[{"name":"wp","href":"https:\/\/api.w.org\/{rel}","templated":true}]}}