{"id":115,"date":"2023-03-08T11:05:27","date_gmt":"2023-03-08T14:05:27","guid":{"rendered":"http:\/\/spsdefesa.com\/?page_id=115"},"modified":"2023-03-16T17:00:37","modified_gmt":"2023-03-16T20:00:37","slug":"acompanhar-denuncia","status":"publish","type":"page","link":"https:\/\/spsdefesa.com\/br\/acompanhar-denuncia\/","title":{"rendered":"Acompanhar Den\u00fancia"},"content":{"rendered":"\t\t<div data-elementor-type=\"wp-page\" data-elementor-id=\"115\" class=\"elementor elementor-115\">\n\t\t\t\t\t\t<section class=\"elementor-section elementor-top-section elementor-element elementor-element-e6c5fd7 elementor-section-full_width elementor-section-height-default elementor-section-height-default\" data-id=\"e6c5fd7\" data-element_type=\"section\">\n\t\t\t\t\t\t<div class=\"elementor-container elementor-column-gap-default\">\n\t\t\t\t\t<div class=\"elementor-column elementor-col-100 elementor-top-column elementor-element elementor-element-d278fa1\" data-id=\"d278fa1\" data-element_type=\"column\">\n\t\t\t<div class=\"elementor-widget-wrap\">\n\t\t\t\t\t\t\t<\/div>\n\t\t<\/div>\n\t\t\t\t\t<\/div>\n\t\t<\/section>\n\t\t\t\t<section class=\"elementor-section elementor-top-section elementor-element elementor-element-4f78655 elementor-section-full_width elementor-section-height-default elementor-section-height-default\" data-id=\"4f78655\" data-element_type=\"section\">\n\t\t\t\t\t\t<div class=\"elementor-container elementor-column-gap-default\">\n\t\t\t\t\t<div class=\"elementor-column elementor-col-50 elementor-top-column elementor-element elementor-element-45db29d\" data-id=\"45db29d\" data-element_type=\"column\">\n\t\t\t<div class=\"elementor-widget-wrap elementor-element-populated\">\n\t\t\t\t\t\t<div class=\"elementor-element elementor-element-1244263 elementor-align-justify elementor-widget__width-inherit elementor-widget elementor-widget-button\" data-id=\"1244263\" data-element_type=\"widget\" data-widget_type=\"button.default\">\n\t\t\t\t<div class=\"elementor-widget-container\">\n\t\t\t\t\t\t\t\t\t<div class=\"elementor-button-wrapper\">\n\t\t\t\t\t<a class=\"elementor-button elementor-button-link elementor-size-lg\" href=\"\/inicio\">\n\t\t\t\t\t\t<span class=\"elementor-button-content-wrapper\">\n\t\t\t\t\t\t\t\t\t<span class=\"elementor-button-text\">P\u00e1gina Inicial<\/span>\n\t\t\t\t\t<\/span>\n\t\t\t\t\t<\/a>\n\t\t\t\t<\/div>\n\t\t\t\t\t\t\t\t<\/div>\n\t\t\t\t<\/div>\n\t\t\t\t<div class=\"elementor-element elementor-element-53aad07 elementor-align-justify elementor-widget__width-inherit elementor-widget elementor-widget-button\" data-id=\"53aad07\" data-element_type=\"widget\" data-widget_type=\"button.default\">\n\t\t\t\t<div class=\"elementor-widget-container\">\n\t\t\t\t\t\t\t\t\t<div class=\"elementor-button-wrapper\">\n\t\t\t\t\t<a class=\"elementor-button elementor-button-link elementor-size-lg\" href=\"\/denuncia\">\n\t\t\t\t\t\t<span class=\"elementor-button-content-wrapper\">\n\t\t\t\t\t\t\t\t\t<span class=\"elementor-button-text\">Relatar Den\u00fancia<\/span>\n\t\t\t\t\t<\/span>\n\t\t\t\t\t<\/a>\n\t\t\t\t<\/div>\n\t\t\t\t\t\t\t\t<\/div>\n\t\t\t\t<\/div>\n\t\t\t\t<div class=\"elementor-element elementor-element-38720f0 elementor-align-justify elementor-widget__width-inherit elementor-widget elementor-widget-button\" data-id=\"38720f0\" data-element_type=\"widget\" data-widget_type=\"button.default\">\n\t\t\t\t<div class=\"elementor-widget-container\">\n\t\t\t\t\t\t\t\t\t<div class=\"elementor-button-wrapper\">\n\t\t\t\t\t<a class=\"elementor-button elementor-button-link elementor-size-lg\" href=\"\/acompanhar-denuncia\">\n\t\t\t\t\t\t<span class=\"elementor-button-content-wrapper\">\n\t\t\t\t\t\t\t\t\t<span class=\"elementor-button-text\">Acompanhar Den\u00fancia<\/span>\n\t\t\t\t\t<\/span>\n\t\t\t\t\t<\/a>\n\t\t\t\t<\/div>\n\t\t\t\t\t\t\t\t<\/div>\n\t\t\t\t<\/div>\n\t\t\t\t<div class=\"elementor-element elementor-element-f40a7d3 elementor-align-justify elementor-widget__width-inherit elementor-widget elementor-widget-button\" data-id=\"f40a7d3\" data-element_type=\"widget\" data-widget_type=\"button.default\">\n\t\t\t\t<div class=\"elementor-widget-container\">\n\t\t\t\t\t\t\t\t\t<div class=\"elementor-button-wrapper\">\n\t\t\t\t\t<a class=\"elementor-button elementor-button-link elementor-size-lg\" href=\"\/inicio\">\n\t\t\t\t\t\t<span class=\"elementor-button-content-wrapper\">\n\t\t\t\t\t\t\t\t\t<span class=\"elementor-button-text\">C\u00f3digo de Conduta<\/span>\n\t\t\t\t\t<\/span>\n\t\t\t\t\t<\/a>\n\t\t\t\t<\/div>\n\t\t\t\t\t\t\t\t<\/div>\n\t\t\t\t<\/div>\n\t\t\t\t\t<\/div>\n\t\t<\/div>\n\t\t\t\t<div class=\"elementor-column elementor-col-50 elementor-top-column elementor-element elementor-element-45934cbb\" data-id=\"45934cbb\" data-element_type=\"column\">\n\t\t\t<div class=\"elementor-widget-wrap elementor-element-populated\">\n\t\t\t\t\t\t<div class=\"elementor-element elementor-element-43a6e47e elementor-widget__width-inherit elementor-widget elementor-widget-text-editor\" data-id=\"43a6e47e\" data-element_type=\"widget\" data-widget_type=\"text-editor.default\">\n\t\t\t\t<div class=\"elementor-widget-container\">\n\t\t\t\t\t\t\t\t\t<p>\t\t\t<div id=\"wpsc-container\" style=\"display:none;\">\n\t\t\t\t<div class=\"wpsc-shortcode-container\" style=\"border: none !important;\">\n\t\t\t\t\t\t\t\t<div class=\"wpsc-auth-container\">\n\t\t\t\t<div class=\"auth-inner-container\">\n\t\t\t\t\t<h2>Abra o ticket existente<\/h2>\n\t\t\t\t\t<form onsubmit=\"return false;\" class=\"wpsc-login wpsc-authenticate-open-ticket\">\n\n\t\t\t\t\t\t<input type=\"text\" name=\"ticket_id\" placeholder=\"Ticket ID\" value=\"\" autocomplete=\"off\"\/>\n\t\t\t\t\t\t\t\t\t\t\t\t\t<input type=\"text\" name=\"email_address\" placeholder=\"Endere\u00e7o de e-mail\" autocomplete=\"off\"\/>\n\t\t\t\t\t\t\t\n\t\t\t\t\t\t<button class=\"wpsc-button normal primary\" onclick=\"wpsc_authenticate_open_ticket(this)\">Enviar<\/button>\n\t\t\t\t\t\t<button class=\"wpsc-button normal secondary\" onclick=\"window.location.reload();\">Cancelar<\/button>\n\t\t\t\t\t\t<input type=\"hidden\" name=\"action\" value=\"wpsc_authenticate_open_ticket\"\/>\n\t\t\t\t\t\t<input type=\"hidden\" name=\"_ajax_nonce\" value=\"3dab324a1f\">\n\t\t\t\t\t<\/form>\n\t\t\t\t\t<script>\n\t\t\t\t\t\t\/**\n\t\t\t\t\t\t * Load OTP verification\n\t\t\t\t\t\t *\/\n\t\t\t\t\t\tfunction wpsc_authenticate_open_ticket(el) {\n\n\t\t\t\t\t\t\tconst form = jQuery(el).closest('form')[0];\n\t\t\t\t\t\t\tconst dataform = new FormData(form);\n\n\t\t\t\t\t\t\tif (!dataform.get('ticket_id').trim() || !dataform.get('email_address').trim()) {\n\t\t\t\t\t\t\t\talert(supportcandy.translations.req_fields_missing);\n\t\t\t\t\t\t\t\treturn;\n\t\t\t\t\t\t\t}\n\n\t\t\t\t\t\t\tvar authContainer = jQuery(el).closest('.wpsc-auth-container');\n\t\t\t\t\t\t\tauthContainer.html(supportcandy.loader_html);\n\t\t\t\t\t\t\tjQuery.ajax({\n\t\t\t\t\t\t\t\turl: supportcandy.ajax_url,\n\t\t\t\t\t\t\t\ttype: 'POST',\n\t\t\t\t\t\t\t\tdata: dataform,\n\t\t\t\t\t\t\t\tprocessData: false,\n\t\t\t\t\t\t\t\tcontentType: false\n\t\t\t\t\t\t\t}).done(function (res) {\n\t\t\t\t\t\t\t\tif (typeof(res) == \"object\") {\n\t\t\t\t\t\t\t\t\tif (res.ticket_url) {\n\t\t\t\t\t\t\t\t\t\twindow.location.href = res.ticket_url;\n\t\t\t\t\t\t\t\t\t} else {\n\t\t\t\t\t\t\t\t\t\talert(supportcandy.translations.something_wrong);\n\t\t\t\t\t\t\t\t\t\twindow.location.reload();\n\t\t\t\t\t\t\t\t\t}\n\t\t\t\t\t\t\t\t} else {\n\t\t\t\t\t\t\t\t\tauthContainer.html(res);\n\t\t\t\t\t\t\t\t}\n\t\t\t\t\t\t\t}).fail(function (data) {\n\t\t\t\t\t\t\t\talert(supportcandy.translations.something_wrong);\n\t\t\t\t\t\t\t\twindow.location.reload();\n\t\t\t\t\t\t\t}); \n\t\t\t\t\t\t}\n\t\t\t\t\t<\/script>\n\t\t\t\t\t\t\t\t\t<\/div>\n\t\t\t<\/div>\n\t\t\t\n\t\t\t\t<\/div>\n\t\t\t\t<style>\n\t\t\t\t\t.wpsc-it-container {\n\t\t\t\t\t\tmargin: 0 !important;\n\t\t\t\t\t}\n\t\t\t\t\t.wpsc-it-reply-section-container {\n\t\t\t\t\t\tpadding-left: 3px;\n\t\t\t\t\t}\n\t\t\t\t<\/style>\n\t\t\t<\/div>\n\t\t\t\n\t\t\t<div class=\"wpsc-page-snippets\" style=\"display: none;\">\n\t\t\t\t<div class=\"wpsc-editor-attachment upload-waiting\">\n\t\t\t\t\t<div class=\"attachment-label\"><\/div>\n\t\t\t\t\t<div class=\"attachment-remove\" onclick=\"wpsc_remove_attachment(this)\">\n\t\t\t\t\t<svg aria-hidden=\"true\" class=\"svg-inline--fa fa-times fa-w-11\" role=\"img\" xmlns=\"http:\/\/www.w3.org\/2000\/svg\" viewBox=\"0 0 352 512\"><path fill=\"currentColor\" d=\"M242.72 256l100.07-100.07c12.28-12.28 12.28-32.19 0-44.48l-22.24-22.24c-12.28-12.28-32.19-12.28-44.48 0L176 189.28 75.93 89.21c-12.28-12.28-32.19-12.28-44.48 0L9.21 111.45c-12.28 12.28-12.28 32.19 0 44.48L109.28 256 9.21 356.07c-12.28 12.28-12.28 32.19 0 44.48l22.24 22.24c12.28 12.28 32.2 12.28 44.48 0L176 322.72l100.07 100.07c12.28 12.28 32.2 12.28 44.48 0l22.24-22.24c12.28-12.28 12.28-32.19 0-44.48L242.72 256z\"><\/path><\/svg>\t\t\t\t\t<\/div>\n\t\t\t\t\t<div class=\"attachment-waiting\"><\/div>\n\t\t\t\t<\/div>\n\t\t\t<\/div>\n\t\t\t\n\t\t\t<script type=\"text\/javascript\">\n\t\t\t\t\/**\n\t\t\t\t * Get create ticket form\n\t\t\t\t *\/\n\t\t\t\tfunction wpsc_get_individual_ticket() {\n\n\t\t\t\t\tjQuery('.wpsc-body').html(supportcandy.loader_html);\n\n\t\t\t\t\tif (supportcandy.is_reload != 1) {\n\t\t\t\t\t\twpsc_scroll_top();\n\t\t\t\t\t} else { supportcandy.is_reload = 0 }\n\n\t\t\t\t\tvar url = new URL(window.location.href);\n\t\t\t\t\tvar search_params = url.searchParams;\n\n\t\t\t\t\tvar data = { action: 'wpsc_get_individual_ticket', ticket_id: 0 };\n\t\t\t\t\tsearch_params.forEach(function(value, key) {\n\t\t\t\t\t\tdata[key] = value;\n\t\t\t\t\t});\n\t\t\t\t\tjQuery.post(supportcandy.ajax_url, data).done(function (response) {\n\t\t\t\t\t\tjQuery('.wpsc-body').html(response);\n\t\t\t\t\t\twpsc_reset_responsive_style();\n\t\t\t\t\t}).fail(function(response){\n\t\t\t\t\t\tjQuery('.wpsc-body').html('<div style=\"display:flex; justify-content:center; margin:0 15px 15px; width:100%;\">Acesso n\u00e3o autorizado!<\/div>');\n\t\t\t\t\t});\n\t\t\t\t}\n\t\t\t<\/script>\n\t\t\t<\/p>\t\t\t\t\t\t\t\t<\/div>\n\t\t\t\t<\/div>\n\t\t\t\t\t<\/div>\n\t\t<\/div>\n\t\t\t\t\t<\/div>\n\t\t<\/section>\n\t\t\t\t<\/div>\n\t\t","protected":false},"excerpt":{"rendered":"<p>P\u00e1gina Inicial Relatar Den\u00fancia Acompanhar Den\u00fancia C\u00f3digo de Conduta<\/p>\n","protected":false},"author":1,"featured_media":0,"parent":0,"menu_order":0,"comment_status":"closed","ping_status":"closed","template":"","meta":{"footnotes":""},"class_list":["post-115","page","type-page","status-publish","hentry"],"_links":{"self":[{"href":"https:\/\/spsdefesa.com\/br\/wp-json\/wp\/v2\/pages\/115","targetHints":{"allow":["GET"]}}],"collection":[{"href":"https:\/\/spsdefesa.com\/br\/wp-json\/wp\/v2\/pages"}],"about":[{"href":"https:\/\/spsdefesa.com\/br\/wp-json\/wp\/v2\/types\/page"}],"author":[{"embeddable":true,"href":"https:\/\/spsdefesa.com\/br\/wp-json\/wp\/v2\/users\/1"}],"replies":[{"embeddable":true,"href":"https:\/\/spsdefesa.com\/br\/wp-json\/wp\/v2\/comments?post=115"}],"version-history":[{"count":53,"href":"https:\/\/spsdefesa.com\/br\/wp-json\/wp\/v2\/pages\/115\/revisions"}],"predecessor-version":[{"id":633,"href":"https:\/\/spsdefesa.com\/br\/wp-json\/wp\/v2\/pages\/115\/revisions\/633"}],"wp:attachment":[{"href":"https:\/\/spsdefesa.com\/br\/wp-json\/wp\/v2\/media?parent=115"}],"curies":[{"name":"wp","href":"https:\/\/api.w.org\/{rel}","templated":true}]}}